{"id":201,"date":"2021-09-06T07:23:05","date_gmt":"2021-09-06T05:23:05","guid":{"rendered":"https:\/\/gehackter-server.de\/?page_id=201"},"modified":"2023-11-29T12:08:56","modified_gmt":"2023-11-29T11:08:56","slug":"gehackter-server","status":"publish","type":"page","link":"https:\/\/www.gehackter-server.de\/?page_id=201","title":{"rendered":"gehackter Server"},"content":{"rendered":"\n<p>\u00dcber das Thema \u201egehackter Server\u201c k\u00f6nnte ich stundenlang erz\u00e4hlen. Die meisten Kunden von mir interessieren sich f\u00fcr das Thema:\u201c Ist es ein Hackerangriff oder nicht\u201c? Es gibt auch Mitarbeiter, die einen Trojaner in der Firma hinterlassen, das k\u00f6nnte ein Server oder ein Client sein. Auch ein Handy, das mit einem Firmennetzwerk verbunden ist und Passw\u00f6rter gespeichert hat, ist eine Gef\u00e4hrdung. <\/p>\n\n\n\n<figure class=\"wp-block-image size-full is-style-default\"><img loading=\"lazy\" decoding=\"async\" width=\"3090\" height=\"1565\" src=\"https:\/\/www.gehackter-server.de\/wp-content\/uploads\/2021\/09\/gehackter_Rechner.jpg\" alt=\"gehackter Rechner\" class=\"wp-image-255\"\/><\/figure>\n\n\n\n<p><\/p>\n\n\n\n<p>Es kommt auch vor, ist aber sehr selten, dass sich ein Trojaner im Drucker versteckt. Der Drucker ist im Prinzip ein Mini-Computer, der mit allen Rechnern kommuniziert. In der Vergangenheit gab es schon h\u00e4ufiger Probleme mit dem SMB Protokoll. Sobald&nbsp; eine Sicherheitsl\u00fccke im Betriebssystem ver\u00f6ffentlicht wird, muss der Softwarehersteller schnell reagieren.<\/p>\n\n\n\n<figure class=\"wp-block-image size-full is-style-default\"><img loading=\"lazy\" decoding=\"async\" width=\"4089\" height=\"900\" src=\"https:\/\/www.gehackter-server.de\/wp-content\/uploads\/2021\/09\/gehackter_server.jpg\" alt=\"gehackter Server\" class=\"wp-image-257\"\/><\/figure>\n\n\n\n<p><\/p>\n\n\n\n<p> Sobald sich der Hacker Zugriffsrechte auf dem Computer geholt hat, braucht er eine L\u00f6sung f\u00fcr die Firewall, Virenscanner und automatische Updates. Die meisten Firewalls&nbsp; lassen&nbsp; sich am einfachsten austricksen, in dem eine Verbindung von au\u00dfen zum Hacker aufgebaut wird.&nbsp; Im schlimmsten Fall, kann ein Computerhacker die Sicherheitsupdates deaktivieren, so dass die Sicherheitsl\u00fccke nicht geschlossen werden kann. Ich habe schon erlebt, dass die Funktion \u201eSicherheitsupdates starten\u201c komplett au\u00dfer Kraft gesetzt wurde, wie z.B. \u201eSie sind auf dem neuesten Stand\u201c. Zuf\u00e4lligerweise war der Computer gar nicht mit dem Internet verbunden.<\/p>\n","protected":false},"excerpt":{"rendered":"<p>\u00dcber das Thema \u201egehackter Server\u201c k\u00f6nnte ich stundenlang erz\u00e4hlen. Die meisten Kunden von mir interessieren sich f\u00fcr das Thema:\u201c Ist es ein Hackerangriff oder nicht\u201c? Es gibt auch Mitarbeiter, die einen Trojaner in der Firma hinterlassen, das k\u00f6nnte ein Server oder ein Client sein. Auch ein Handy, das mit einem Firmennetzwerk verbunden ist und Passw\u00f6rter [&hellip;]<\/p>\n","protected":false},"author":1,"featured_media":0,"parent":0,"menu_order":0,"comment_status":"closed","ping_status":"closed","template":"","meta":{"footnotes":""},"class_list":["post-201","page","type-page","status-publish","hentry"],"_links":{"self":[{"href":"https:\/\/www.gehackter-server.de\/index.php?rest_route=\/wp\/v2\/pages\/201","targetHints":{"allow":["GET"]}}],"collection":[{"href":"https:\/\/www.gehackter-server.de\/index.php?rest_route=\/wp\/v2\/pages"}],"about":[{"href":"https:\/\/www.gehackter-server.de\/index.php?rest_route=\/wp\/v2\/types\/page"}],"author":[{"embeddable":true,"href":"https:\/\/www.gehackter-server.de\/index.php?rest_route=\/wp\/v2\/users\/1"}],"replies":[{"embeddable":true,"href":"https:\/\/www.gehackter-server.de\/index.php?rest_route=%2Fwp%2Fv2%2Fcomments&post=201"}],"version-history":[{"count":5,"href":"https:\/\/www.gehackter-server.de\/index.php?rest_route=\/wp\/v2\/pages\/201\/revisions"}],"predecessor-version":[{"id":302,"href":"https:\/\/www.gehackter-server.de\/index.php?rest_route=\/wp\/v2\/pages\/201\/revisions\/302"}],"wp:attachment":[{"href":"https:\/\/www.gehackter-server.de\/index.php?rest_route=%2Fwp%2Fv2%2Fmedia&parent=201"}],"curies":[{"name":"wp","href":"https:\/\/api.w.org\/{rel}","templated":true}]}}