{"id":35,"date":"2021-08-15T13:19:08","date_gmt":"2021-08-15T11:19:08","guid":{"rendered":"http:\/\/gehackter-server.de\/?page_id=35"},"modified":"2021-09-21T11:16:55","modified_gmt":"2021-09-21T09:16:55","slug":"datenschutzerklaerung-2","status":"publish","type":"page","link":"https:\/\/www.gehackter-server.de\/?page_id=35","title":{"rendered":"Datenschutzerkl\u00e4rung"},"content":{"rendered":"\n<h2 class=\"wp-block-heading\">Datenschutzerkl\u00e4rung<\/h2>\n\n\n\n<p>Personenbezogene Daten (nachfolgend zumeist nur \u201eDaten\u201c genannt) werden von uns nur im Rahmen der Erforderlichkeit sowie zum Zwecke der Bereitstellung eines funktionsf\u00e4higen und nutzerfreundlichen Internetauftritts, inklusive seiner Inhalte und der dort angebotenen Leistungen, verarbeitet.<\/p>\n\n\n\n<p>Gem\u00e4\u00df Art. 4 Ziffer 1. der Verordnung (EU) 2016\/679, also der Datenschutz-Grundverordnung (nachfolgend nur \u201eDSGVO\u201c genannt), gilt als \u201eVerarbeitung\u201c jeder mit oder ohne Hilfe automatisierter Verfahren ausgef\u00fchrter Vorgang oder jede solche Vorgangsreihe im Zusammenhang mit personenbezogenen Daten, wie das Erheben, das Erfassen, die Organisation, das Ordnen, die Speicherung, die Anpassung oder Ver\u00e4nderung, das Auslesen, das Abfragen, die Verwendung, die Offenlegung durch \u00dcbermittlung, Verbreitung oder eine andere Form der Bereitstellung, den Abgleich oder die Verkn\u00fcpfung, die Einschr\u00e4nkung, das L\u00f6schen oder die Vernichtung.<\/p>\n\n\n\n<p>Mit der nachfolgenden Datenschutzerkl\u00e4rung informieren wir Sie insbesondere \u00fcber Art, Umfang, Zweck, Dauer und Rechtsgrundlage der Verarbeitung personenbezogener Daten, soweit wir entweder allein oder gemeinsam mit anderen \u00fcber die Zwecke und Mittel der Verarbeitung entscheiden. Zudem informieren wir Sie nachfolgend \u00fcber die von uns zu Optimierungszwecken sowie zur Steigerung der Nutzungsqualit\u00e4t eingesetzten Fremdkomponenten, soweit hierdurch Dritte Daten in wiederum eigener Verantwortung verarbeiten.<\/p>\n\n\n\n<p>Unsere Datenschutzerkl\u00e4rung ist wie folgt gegliedert:<\/p>\n\n\n\n<p>I. Informationen \u00fcber uns als Verantwortliche<br>II. Rechte der Nutzer und Betroffenen<br>III. Informationen zur Datenverarbeitung.<\/p>\n\n\n\n<h3 class=\"wp-block-heading\">I. Informationen \u00fcber uns als Verantwortliche<\/h3>\n\n\n\n<p>Verantwortlicher Anbieter dieses Internetauftritts im datenschutzrechtlichen Sinne ist:<\/p>\n\n\n\n<p>Thomas Feledi<br>Ditzenbrunnerstr.49<br>71254 Ditzingen<br>Deutschland<\/p>\n\n\n\n<p>Telefon: 07156-3598036<br>E-Mail: kontakt@feledi.de<\/p>\n\n\n\n<p>Datenschutzbeauftragte\/r beim Anbieter ist:<\/p>\n\n\n\n<p>\ufeff<\/p>\n\n\n\n<p>Thomas Feledi<br>Ditzenbrunnerstr.49<br>71254 Ditzingen<\/p>\n\n\n\n<p>\ufeff<\/p>\n\n\n\n<p>Telefon: 07156-3598036<br>E-Mail: kontakt@feledi.de<\/p>\n\n\n\n<h3 class=\"wp-block-heading\">II. Rechte der Nutzer und Betroffenen<\/h3>\n\n\n\n<p>Mit Blick auf die nachfolgend noch n\u00e4her beschriebene Datenverarbeitung haben die Nutzer und Betroffenen das Recht<\/p>\n\n\n\n<ul class=\"wp-block-list\"><li>auf Best\u00e4tigung, ob sie betreffende Daten verarbeitet werden, auf Auskunft \u00fcber die verarbeiteten Daten, auf weitere Informationen \u00fcber die Datenverarbeitung sowie auf Kopien der Daten (vgl. auch Art. 15 DSGVO);<\/li><li>auf Berichtigung oder Vervollst\u00e4ndigung unrichtiger bzw. unvollst\u00e4ndiger Daten (vgl. auch Art. 16 DSGVO);<\/li><li>auf unverz\u00fcgliche L\u00f6schung der sie betreffenden Daten (vgl. auch Art. 17 DSGVO), oder, alternativ, soweit eine weitere Verarbeitung gem\u00e4\u00df Art. 17 Abs. 3 DSGVO erforderlich ist, auf Einschr\u00e4nkung der Verarbeitung nach Ma\u00dfgabe von Art. 18 DSGVO;<\/li><li>auf Erhalt der sie betreffenden und von ihnen bereitgestellten Daten und auf \u00dcbermittlung dieser Daten an andere Anbieter\/Verantwortliche (vgl. auch Art. 20 DSGVO);<\/li><li>auf Beschwerde gegen\u00fcber der Aufsichtsbeh\u00f6rde, sofern sie der Ansicht sind, dass die sie betreffenden Daten durch den Anbieter unter Versto\u00df gegen datenschutzrechtliche Bestimmungen verarbeitet werden (vgl. auch Art. 77 DSGVO).<\/li><\/ul>\n\n\n\n<p>Dar\u00fcber hinaus ist der Anbieter dazu verpflichtet, alle Empf\u00e4nger, denen gegen\u00fcber Daten durch den Anbieter offengelegt worden sind, \u00fcber jedwede Berichtigung oder L\u00f6schung von Daten oder die Einschr\u00e4nkung der Verarbeitung, die aufgrund der Artikel 16, 17 Abs. 1, 18 DSGVO erfolgt, zu unterrichten. Diese Verpflichtung besteht jedoch nicht, soweit diese Mitteilung unm\u00f6glich oder mit einem unverh\u00e4ltnism\u00e4\u00dfigen Aufwand verbunden ist. Unbeschadet dessen hat der Nutzer ein Recht auf Auskunft \u00fcber diese Empf\u00e4nger.<\/p>\n\n\n\n<p><strong>Ebenfalls haben die Nutzer und Betroffenen nach Art. 21 DSGVO das Recht auf Widerspruch gegen die k\u00fcnftige Verarbeitung der sie betreffenden Daten, sofern die Daten durch den Anbieter nach Ma\u00dfgabe von Art. 6 Abs. 1 lit. f) DSGVO verarbeitet werden. Insbesondere ist ein Widerspruch gegen die Datenverarbeitung zum Zwecke der Direktwerbung statthaft.<\/strong><\/p>\n\n\n\n<h3 class=\"wp-block-heading\">III. Informationen zur Datenverarbeitung<\/h3>\n\n\n\n<p>Ihre bei Nutzung unseres Internetauftritts verarbeiteten Daten werden gel\u00f6scht oder gesperrt, sobald der Zweck der Speicherung entf\u00e4llt, der L\u00f6schung der Daten keine gesetzlichen Aufbewahrungspflichten entgegenstehen und nachfolgend keine anderslautenden Angaben zu einzelnen Verarbeitungsverfahren gemacht werden.<\/p>\n\n\n\n<h4 class=\"wp-block-heading\">Cookies<\/h4>\n\n\n\n<h5 class=\"wp-block-heading\">a) Sitzungs-Cookies\/Session-Cookies<\/h5>\n\n\n\n<p>Wir verwenden mit unserem Internetauftritt sog. Cookies. Cookies sind kleine Textdateien oder andere Speichertechnologien, die durch den von Ihnen eingesetzten Internet-Browser auf Ihrem Endger\u00e4t ablegt und gespeichert werden. Durch diese Cookies werden im individuellen Umfang bestimmte Informationen von Ihnen, wie beispielsweise Ihre Browser- oder Standortdaten oder Ihre IP-Adresse, verarbeitet. &nbsp;<\/p>\n\n\n\n<p>Durch diese Verarbeitung wird unser Internetauftritt benutzerfreundlicher, effektiver und sicherer, da die Verarbeitung bspw. die Wiedergabe unseres Internetauftritts in unterschiedlichen Sprachen oder das Angebot einer Warenkorbfunktion erm\u00f6glicht.<\/p>\n\n\n\n<p>Rechtsgrundlage dieser Verarbeitung ist Art. 6 Abs. 1 lit b.) DSGVO, sofern diese Cookies Daten zur Vertragsanbahnung oder Vertragsabwicklung verarbeitet werden.<\/p>\n\n\n\n<p>Falls die Verarbeitung nicht der Vertragsanbahnung oder Vertragsabwicklung dient, liegt unser berechtigtes Interesse in der Verbesserung der Funktionalit\u00e4t unseres Internetauftritts. Rechtsgrundlage ist in dann Art. 6 Abs. 1 lit. f) DSGVO.<\/p>\n\n\n\n<p>Mit Schlie\u00dfen Ihres Internet-Browsers werden diese Session-Cookies gel\u00f6scht.<\/p>\n\n\n\n<h5 class=\"wp-block-heading\">b) Drittanbieter-Cookies<\/h5>\n\n\n\n<p>Gegebenenfalls werden mit unserem Internetauftritt auch Cookies von Partnerunternehmen, mit denen wir zum Zwecke der Werbung, der Analyse oder der Funktionalit\u00e4ten unseres Internetauftritts zusammenarbeiten, verwendet.<\/p>\n\n\n\n<p>Die Einzelheiten hierzu, insbesondere zu den Zwecken und den Rechtsgrundlagen der Verarbeitung solcher Drittanbieter-Cookies, entnehmen Sie bitte den nachfolgenden Informationen.<\/p>\n\n\n\n<h5 class=\"wp-block-heading\">c) Beseitigungsm\u00f6glichkeit<\/h5>\n\n\n\n<p>Sie k\u00f6nnen die Installation der Cookies durch eine Einstellung Ihres Internet-Browsers verhindern oder einschr\u00e4nken. Ebenfalls k\u00f6nnen Sie bereits gespeicherte Cookies jederzeit l\u00f6schen. Die hierf\u00fcr erforderlichen Schritte und Ma\u00dfnahmen h\u00e4ngen jedoch von Ihrem konkret genutzten Internet-Browser ab. Bei Fragen benutzen Sie daher bitte die Hilfefunktion oder Dokumentation Ihres Internet-Browsers oder wenden sich an dessen Hersteller bzw. Support. Bei sog. Flash-Cookies kann die Verarbeitung allerdings nicht \u00fcber die Einstellungen des Browsers unterbunden werden. Stattdessen m\u00fcssen Sie insoweit die Einstellung Ihres Flash-Players \u00e4ndern. Auch die hierf\u00fcr erforderlichen Schritte und Ma\u00dfnahmen h\u00e4ngen von Ihrem konkret genutzten Flash-Player ab. Bei Fragen benutzen Sie daher bitte ebenso die Hilfefunktion oder Dokumentation Ihres Flash-Players oder wenden sich an den Hersteller bzw. Benutzer-Support.<\/p>\n\n\n\n<p>Sollten Sie die Installation der Cookies verhindern oder einschr\u00e4nken, kann dies allerdings dazu f\u00fchren, dass nicht s\u00e4mtliche Funktionen unseres Internetauftritts vollumf\u00e4nglich nutzbar sind.<\/p>\n\n\n\n<h4 class=\"wp-block-heading\">Vertragsabwicklung<\/h4>\n\n\n\n<p>Die von Ihnen zur Inanspruchnahme unseres Waren- und\/oder Dienstleistungsangebots \u00fcbermittelten Daten werden von uns zum Zwecke der Vertragsabwicklung verarbeitet und sind insoweit erforderlich. Vertragsschluss und Vertragsabwicklung sind ohne Bereitstellung Ihrer Daten nicht m\u00f6glich.<\/p>\n\n\n\n<p>Rechtsgrundlage f\u00fcr die Verarbeitung ist Art. 6 Abs. 1 lit. b) DSGVO.<\/p>\n\n\n\n<p>Wir l\u00f6schen die Daten mit vollst\u00e4ndiger Vertragsabwicklung, m\u00fcssen dabei aber die steuer- und handelsrechtlichen Aufbewahrungsfristen beachten.<\/p>\n\n\n\n<p>Im Rahmen der Vertragsabwicklung geben wir Ihre Daten an das mit der Warenlieferung beauftragte Transportunternehmen oder an den Finanzdienstleister weiter, soweit die Weitergabe zur Warenauslieferung oder zu Bezahlzwecken erforderlich ist.<\/p>\n\n\n\n<p>Rechtsgrundlage f\u00fcr die Weitergabe der Daten ist dann Art. 6 Abs. 1 lit. b) DSGVO.<\/p>\n\n\n\n<h4 class=\"wp-block-heading\">Kundenkonto \/ Registrierungsfunktion<\/h4>\n\n\n\n<p>Falls Sie \u00fcber unseren Internetauftritt ein Kundenkonto bei uns anlegen, werden wir die von Ihnen bei der Registrierung eingegebenen Daten (also bspw. Ihren Namen, Ihre Anschrift oder Ihre E-Mail-Adresse) ausschlie\u00dflich f\u00fcr vorvertragliche Leistungen, f\u00fcr die Vertragserf\u00fcllung oder zum Zwecke der Kundenpflege (bspw. um Ihnen eine \u00dcbersicht \u00fcber Ihre bisherigen Bestellungen bei uns zur Verf\u00fcgung zu stellen oder um Ihnen die sog. Merkzettelfunktion anbieten zu k\u00f6nnen) erheben und speichern. Gleichzeitig speichern wir dann die IP-Adresse und das Datum Ihrer Registrierung nebst Uhrzeit. Eine Weitergabe dieser Daten an Dritte erfolgt nat\u00fcrlich nicht.<\/p>\n\n\n\n<p>Im Rahmen des weiteren Anmeldevorgangs wird Ihre Einwilligung in diese Verarbeitung eingeholt und auf diese Datenschutzerkl\u00e4rung verwiesen. Die dabei von uns erhobenen Daten werden ausschlie\u00dflich f\u00fcr die Zurverf\u00fcgungstellung des Kundenkontos verwendet.&nbsp;<\/p>\n\n\n\n<p>Soweit Sie in diese Verarbeitung einwilligen, ist Art. 6 Abs. 1 lit. a) DSGVO Rechtsgrundlage f\u00fcr die Verarbeitung.<\/p>\n\n\n\n<p>Sofern die Er\u00f6ffnung des Kundenkontos zus\u00e4tzlich auch vorvertraglichen Ma\u00dfnahmen oder der Vertragserf\u00fcllung dient, so ist Rechtsgrundlage f\u00fcr diese Verarbeitung auch noch Art. 6 Abs. 1 lit. b) DSGVO.<\/p>\n\n\n\n<p>Die uns erteilte Einwilligung in die Er\u00f6ffnung und den Unterhalt des Kundenkontos k\u00f6nnen Sie gem\u00e4\u00df Art. 7 Abs. 3 DSGVO jederzeit mit Wirkung f\u00fcr die Zukunft widerrufen. Hierzu m\u00fcssen Sie uns lediglich \u00fcber Ihren Widerruf in Kenntnis setzen.<\/p>\n\n\n\n<p>Die insoweit erhobenen Daten werden gel\u00f6scht, sobald die Verarbeitung nicht mehr erforderlich ist. Hierbei m\u00fcssen wir aber steuer- und handelsrechtliche Aufbewahrungsfristen beachten.<\/p>\n\n\n\n<h4 class=\"wp-block-heading\">Kontaktanfragen \/ Kontaktm\u00f6glichkeit<\/h4>\n\n\n\n<p>Sofern Sie per Kontaktformular oder E-Mail mit uns in Kontakt treten, werden die dabei von Ihnen angegebenen Daten zur Bearbeitung Ihrer Anfrage genutzt. Die Angabe der Daten ist zur Bearbeitung und Beantwortung Ihre Anfrage erforderlich &#8211; ohne deren Bereitstellung k\u00f6nnen wir Ihre Anfrage nicht oder allenfalls eingeschr\u00e4nkt beantworten.<\/p>\n\n\n\n<p>Rechtsgrundlage f\u00fcr diese Verarbeitung ist Art. 6 Abs. 1 lit. b) DSGVO.<\/p>\n\n\n\n<p>Ihre Daten werden gel\u00f6scht, sofern Ihre Anfrage abschlie\u00dfend beantwortet worden ist und der L\u00f6schung keine gesetzlichen Aufbewahrungspflichten entgegenstehen, wie bspw. bei einer sich etwaig anschlie\u00dfenden Vertragsabwicklung.<\/p>\n\n\n\n<h4 class=\"wp-block-heading\">Nutzerbeitr\u00e4ge, Kommentare und Bewertungen<\/h4>\n\n\n\n<p>Wir bieten Ihnen an, auf unseren Internetseiten Fragen, Antworten, Meinungen oder Bewertungen, nachfolgend nur \u201eBeitr\u00e4ge genannt, zu ver\u00f6ffentlichen. Sofern Sie dieses Angebot in Anspruch nehmen, verarbeiten und ver\u00f6ffentlichen wir Ihren Beitrag, Datum und Uhrzeit der Einreichung sowie das von Ihnen ggf. genutzte Pseudonym.<\/p>\n\n\n\n<p>Rechtsgrundlage hierbei ist Art. 6 Abs. 1 lit. a) DSGVO. Die Einwilligung k\u00f6nnen Sie gem\u00e4\u00df Art. 7 Abs. 3 DSGVO jederzeit mit Wirkung f\u00fcr die Zukunft widerrufen. Hierzu m\u00fcssen Sie uns lediglich \u00fcber Ihren Widerruf in Kenntnis setzen.<\/p>\n\n\n\n<p>Dar\u00fcber hinaus verarbeiten wir auch Ihre IP- und E-Mail-Adresse. Die IP-Adresse wird verarbeitet, weil wir ein berechtigtes Interesse daran haben, weitere Schritte einzuleiten oder zu unterst\u00fctzen, sofern Ihr Beitrag in Rechte Dritter eingreift und\/oder er sonst wie rechtswidrig erfolgt.<\/p>\n\n\n\n<p>Rechtsgrundlage ist in diesem Fall Art. 6 Abs. 1 lit. f) DSGVO. Unser berechtigtes Interesse liegt in der ggf. notwendigen Rechtsverteidigung.<\/p>\n\n\n\n<h4 class=\"wp-block-heading\">Abonnement von Beitr\u00e4gen<\/h4>\n\n\n\n<p>Sofern Sie Beitr\u00e4ge auf unseren Internetseiten ver\u00f6ffentlichen, bieten wir Ihnen zus\u00e4tzlich an, etwaige Folgebeitr\u00e4ge Dritter zu abonnieren. Um Sie \u00fcber diese Folgebeitr\u00e4ge per E-Mail informieren zu k\u00f6nnen, verarbeiten wir Ihre E-Mail-Adresse.<\/p>\n\n\n\n<p>Rechtsgrundlage hierbei ist Art. 6 Abs. 1 lit. a) DSGVO. Die Einwilligung in dieses Abonnement k\u00f6nnen Sie gem\u00e4\u00df Art. 7 Abs. 3 DSGVO jederzeit mit Wirkung f\u00fcr die Zukunft widerrufen. Hierzu m\u00fcssen Sie uns lediglich \u00fcber Ihren Widerruf in Kenntnis setzen oder den in der jeweiligen E-Mail enthaltenen Abmeldelink bet\u00e4tigen.<\/p>\n\n\n\n<h4 class=\"wp-block-heading\">Google Analytics<\/h4>\n\n\n\n<p>In unserem Internetauftritt setzen wir Google Analytics ein. Hierbei handelt es sich um einen Webanalysedienst der Google Ireland Limited, Gordon House, Barrow Street, Dublin 4, Irland, nachfolgend nur \u201eGoogle\u201c genannt.<\/p>\n\n\n\n<p>Durch die Zertifizierung nach dem EU-US-Datenschutzschild (\u201eEU-US Privacy Shield\u201c)<\/p>\n\n\n\n<figure class=\"wp-block-embed\"><div class=\"wp-block-embed__wrapper\">\nhttps:\/\/www.privacyshield.gov\/participant?id=a2zt000000001L5AAI&#038;status=Active\n<\/div><\/figure>\n\n\n\n<p>garantiert Google, dass die Datenschutzvorgaben der EU auch bei der Verarbeitung von Daten in den USA eingehalten werden.<\/p>\n\n\n\n<p>Der Dienst Google Analytics dient zur Analyse des Nutzungsverhaltens unseres Internetauftritts. Rechtsgrundlage ist Art. 6 Abs. 1 lit. f) DSGVO. Unser berechtigtes Interesse liegt in der Analyse, Optimierung und dem wirtschaftlichen Betrieb unseres Internetauftritts.<\/p>\n\n\n\n<p>Nutzungs- und nutzerbezogene Informationen, wie bspw. IP-Adresse, Ort, Zeit oder H\u00e4ufigkeit des Besuchs unseres Internetauftritts, werden dabei an einen Server von Google in den USA \u00fcbertragen und dort gespeichert. Allerdings nutzen wir Google Analytics mit der sog. Anonymisierungsfunktion. Durch diese Funktion k\u00fcrzt Google die IP-Adresse schon innerhalb der EU bzw. des EWR.<\/p>\n\n\n\n<p>Die so erhobenen Daten werden wiederum von Google genutzt, um uns eine Auswertung \u00fcber den Besuch unseres Internetauftritts sowie \u00fcber die dortigen Nutzungsaktivit\u00e4ten zur Verf\u00fcgung zu stellen. Auch k\u00f6nnen diese Daten genutzt werden, um weitere Dienstleistungen zu erbringen, die mit der Nutzung unseres Internetauftritts und der Nutzung des Internets zusammenh\u00e4ngen.<\/p>\n\n\n\n<p>Google gibt an, Ihre IP-Adresse nicht mit anderen Daten zu verbinden. Zudem h\u00e4lt Google unter<\/p>\n\n\n\n<figure class=\"wp-block-embed\"><div class=\"wp-block-embed__wrapper\">\nhttps:\/\/www.google.com\/intl\/de\/policies\/privacy\/partners\n<\/div><\/figure>\n\n\n\n<p>weitere datenschutzrechtliche Informationen f\u00fcr Sie bereit, so bspw. auch zu den M\u00f6glichkeiten, die Datennutzung zu unterbinden.<\/p>\n\n\n\n<p>Zudem bietet Google unter<\/p>\n\n\n\n<figure class=\"wp-block-embed\"><div class=\"wp-block-embed__wrapper\">\nhttps:\/\/tools.google.com\/dlpage\/gaoptout?hl=de\n<\/div><\/figure>\n\n\n\n<p>ein sog. Deaktivierungs-Add-on nebst weiteren Informationen hierzu an. Dieses Add-on l\u00e4sst sich mit den g\u00e4ngigen Internet-Browsern installieren und bietet Ihnen weitergehende Kontrollm\u00f6glichkeit \u00fcber die Daten, die Google bei Aufruf unseres Internetauftritts erfasst. Dabei teilt das Add-on dem JavaScript (ga.js) von Google Analytics mit, dass Informationen zum Besuch unseres Internetauftritts nicht an Google Analytics \u00fcbermittelt werden sollen. Dies verhindert aber nicht, dass Informationen an uns oder an andere Webanalysedienste \u00fcbermittelt werden. Ob und welche weiteren Webanalysedienste von uns eingesetzt werden, erfahren Sie nat\u00fcrlich ebenfalls in dieser Datenschutzerkl\u00e4rung.<\/p>\n\n\n\n<h4 class=\"wp-block-heading\">Google AdWords mit Conversion-Tracking<\/h4>\n\n\n\n<p>In unserem Internetauftritt setzen wir die Werbe-Komponente Google AdWords und dabei das sog. Conversion-Tracking ein. Es handelt sich hierbei um einen Dienst der Google Ireland Limited, Gordon House, Barrow Street, Dublin 4, Irland, nachfolgend nur \u201eGoogle\u201c genannt.<\/p>\n\n\n\n<p>Durch die Zertifizierung nach dem EU-US-Datenschutzschild (\u201eEU-US Privacy Shield\u201c)<\/p>\n\n\n\n<figure class=\"wp-block-embed\"><div class=\"wp-block-embed__wrapper\">\nhttps:\/\/www.privacyshield.gov\/participant?id=a2zt000000001L5AAI&#038;status=Active\n<\/div><\/figure>\n\n\n\n<p>garantiert Google, dass die Datenschutzvorgaben der EU auch bei der Verarbeitung von Daten in den USA eingehalten werden.<\/p>\n\n\n\n<p>Wir nutzen das Conversion-Tracking zur zielgerichteten Bewerbung unseres Angebots. Rechtsgrundlage ist Art. 6 Abs. 1 lit. f) DSGVO. Unser berechtigtes Interesse liegt in der Analyse, Optimierung und dem wirtschaftlichen Betrieb unseres Internetauftritts.<\/p>\n\n\n\n<p>Falls Sie auf eine von Google geschaltete Anzeige klicken, speichert das von uns eingesetzte Conversion-Tracking ein Cookie auf Ihrem Endger\u00e4t. Diese sog. Conversion-Cookies verlieren mit Ablauf von 30 Tagen ihre G\u00fcltigkeit und dienen im \u00dcbrigen nicht Ihrer pers\u00f6nlichen Identifikation.<\/p>\n\n\n\n<p>Sofern das Cookie noch g\u00fcltig ist und Sie eine bestimmte Seite unseres Internetauftritts besuchen, k\u00f6nnen sowohl wir als auch Google auswerten, dass Sie auf eine unserer bei Google platzierten Anzeigen geklickt haben und dass Sie anschlie\u00dfend auf unseren Internetauftritt weitergeleitet worden sind.<\/p>\n\n\n\n<p>Durch die so eingeholten Informationen erstellt Google uns eine Statistik \u00fcber den Besuch unseres Internetauftritts. Zudem erhalten wir hierdurch Informationen \u00fcber die Anzahl der Nutzer, die auf unsere Anzeige(n) geklickt haben sowie \u00fcber die anschlie\u00dfend aufgerufenen Seiten unseres Internetauftritts. Weder wir noch Dritte, die ebenfalls Google-AdWords einsetzten, werden hierdurch allerdings in die Lage versetzt, Sie auf diesem Wege zu identifizieren.<\/p>\n\n\n\n<p>Durch die entsprechenden Einstellungen Ihres Internet-Browsers k\u00f6nnen Sie zudem die Installation der Cookies verhindern oder einschr\u00e4nken. Gleichzeitig k\u00f6nnen Sie bereits gespeicherte Cookies jederzeit l\u00f6schen. Die hierf\u00fcr erforderlichen Schritte und Ma\u00dfnahmen h\u00e4ngen jedoch von Ihrem konkret genutzten Internet-Browser ab. Bei Fragen benutzen Sie daher bitte die Hilfefunktion oder Dokumentation Ihres Internet-Browsers oder wenden sich an dessen Hersteller bzw. Support.<\/p>\n\n\n\n<p>Ferner bietet auch Google unter<\/p>\n\n\n\n<figure class=\"wp-block-embed\"><div class=\"wp-block-embed__wrapper\">\nhttps:\/\/services.google.com\/sitestats\/de.html\n<\/div><\/figure>\n\n\n\n<p><a href=\"http:\/\/www.google.com\/policies\/technologies\/ads\/\">http:\/\/www.google.com\/policies\/technologies\/ads\/<\/a><\/p>\n\n\n\n<p><a href=\"http:\/\/www.google.de\/policies\/privacy\/\">http:\/\/www.google.de\/policies\/privacy\/<\/a><\/p>\n\n\n\n<p>weitergehende Informationen zu diesem Thema und dabei insbesondere zu den M\u00f6glichkeiten der Unterbindung der Datennutzung an.<\/p>\n\n\n\n<h4 class=\"wp-block-heading\">Google AdSense<\/h4>\n\n\n\n<p>In unserem Internetauftritt setzen wir zur Einbindung von Werbeanzeigen Google AdSense ein. Es handelt sich hierbei um einen Dienst der Google Ireland Limited, Gordon House, Barrow Street, Dublin 4, Irland, nachfolgend nur \u201eGoogle\u201c genannt.<\/p>\n\n\n\n<p>Durch die Zertifizierung nach dem EU-US-Datenschutzschild (\u201eEU-US Privacy Shield\u201c)<\/p>\n\n\n\n<figure class=\"wp-block-embed\"><div class=\"wp-block-embed__wrapper\">\nhttps:\/\/www.privacyshield.gov\/participant?id=a2zt000000001L5AAI&#038;status=Active\n<\/div><\/figure>\n\n\n\n<p>garantiert Google, dass die Datenschutzvorgaben der EU auch bei der Verarbeitung von Daten in den USA eingehalten werden.<\/p>\n\n\n\n<p>Durch Google AdSense werden Cookies sowie sog. Web Beacons \u00fcber Ihren Internet-Browser auf Ihrem Endger\u00e4t gespeichert. Hierdurch erm\u00f6glicht uns Google die Analyse der Nutzung unseres Internetauftritts durch Sie. Die so erfassten Informationen werden neben Ihrer IP-Adresse und der Ihnen angezeigten Werbeformate an Google in die USA \u00fcbertragen und dort gespeichert. Ferner kann Google diese Informationen an Vertragspartner weitergeben. Google erkl\u00e4rt allerdings, dass Ihre IP-Adresse nicht mit anderen Daten von Ihnen zusammengef\u00fchrt w\u00fcrden.<\/p>\n\n\n\n<p>Rechtsgrundlage ist Art. 6 Abs. 1 lit. f) DSGVO. Unser berechtigtes Interesse liegt in der Analyse, Optimierung und dem wirtschaftlichen Betrieb unseres Internetauftritts.<\/p>\n\n\n\n<p>Sofern Sie mit dieser Verarbeitung nicht einverstanden sind, haben Sie die M\u00f6glichkeit, die Installation der Cookies durch die entsprechenden Einstellungen in Ihrem Internet-Browser zu verhindern. Einzelheiten hierzu finden Sie vorstehend unter dem Punkt \u201eCookies\u201c.<\/p>\n\n\n\n<p>Zudem bietet Google unter<\/p>\n\n\n\n<figure class=\"wp-block-embed\"><div class=\"wp-block-embed__wrapper\">\nhttps:\/\/policies.google.com\/privacy\n<\/div><\/figure>\n\n\n\n<figure class=\"wp-block-embed\"><div class=\"wp-block-embed__wrapper\">\nhttps:\/\/adssettings.google.com\/authenticated\n<\/div><\/figure>\n\n\n\n<p>weitere Informationen an und zwar insbesondere zu den M\u00f6glichkeiten der Unterbindung der Datennutzung.<\/p>\n\n\n\n<p><a rel=\"noreferrer noopener\" target=\"_blank\" href=\"https:\/\/www.ratgeberrecht.eu\/leistungen\/muster-datenschutzerklaerung.html\">Muster-Datenschutzerkl\u00e4rung<\/a> der <a rel=\"noreferrer noopener\" target=\"_blank\" href=\"https:\/\/www.ratgeberrecht.eu\/datenschutz\/datenschutzerklaerung-generator-dsgvo.html\">Anwaltskanzlei Wei\u00df &amp; Partner<\/a><\/p>\n","protected":false},"excerpt":{"rendered":"<p>Datenschutzerkl\u00e4rung Personenbezogene Daten (nachfolgend zumeist nur \u201eDaten\u201c genannt) werden von uns nur im Rahmen der Erforderlichkeit sowie zum Zwecke der Bereitstellung eines funktionsf\u00e4higen und nutzerfreundlichen Internetauftritts, inklusive seiner Inhalte und der dort angebotenen Leistungen, verarbeitet. Gem\u00e4\u00df Art. 4 Ziffer 1. der Verordnung (EU) 2016\/679, also der Datenschutz-Grundverordnung (nachfolgend nur \u201eDSGVO\u201c genannt), gilt als \u201eVerarbeitung\u201c jeder [&hellip;]<\/p>\n","protected":false},"author":1,"featured_media":0,"parent":0,"menu_order":0,"comment_status":"closed","ping_status":"closed","template":"","meta":{"footnotes":""},"class_list":["post-35","page","type-page","status-publish","hentry"],"_links":{"self":[{"href":"https:\/\/www.gehackter-server.de\/index.php?rest_route=\/wp\/v2\/pages\/35","targetHints":{"allow":["GET"]}}],"collection":[{"href":"https:\/\/www.gehackter-server.de\/index.php?rest_route=\/wp\/v2\/pages"}],"about":[{"href":"https:\/\/www.gehackter-server.de\/index.php?rest_route=\/wp\/v2\/types\/page"}],"author":[{"embeddable":true,"href":"https:\/\/www.gehackter-server.de\/index.php?rest_route=\/wp\/v2\/users\/1"}],"replies":[{"embeddable":true,"href":"https:\/\/www.gehackter-server.de\/index.php?rest_route=%2Fwp%2Fv2%2Fcomments&post=35"}],"version-history":[{"count":2,"href":"https:\/\/www.gehackter-server.de\/index.php?rest_route=\/wp\/v2\/pages\/35\/revisions"}],"predecessor-version":[{"id":235,"href":"https:\/\/www.gehackter-server.de\/index.php?rest_route=\/wp\/v2\/pages\/35\/revisions\/235"}],"wp:attachment":[{"href":"https:\/\/www.gehackter-server.de\/index.php?rest_route=%2Fwp%2Fv2%2Fmedia&parent=35"}],"curies":[{"name":"wp","href":"https:\/\/api.w.org\/{rel}","templated":true}]}}